{"id":18875,"date":"2026-02-18T10:53:09","date_gmt":"2026-02-18T09:53:09","guid":{"rendered":"https:\/\/balbelo.com\/eu\/?post_type=product&#038;p=18875"},"modified":"2026-02-18T10:53:09","modified_gmt":"2026-02-18T09:53:09","slug":"djecija-majica-kci-tatina","status":"publish","type":"product","link":"https:\/\/balbelo.com\/eu\/shop\/djecija-majica-kci-tatina\/","title":{"rendered":"Dje\u010dija majica &#8216;K\u0107i Tatina&#8217;"},"content":{"rendered":"<p>Pamu\u010dna majica za djecu <\/p>\n","protected":false},"excerpt":{"rendered":"<p>Pamu\u010dna majica za djecu<\/p>\n","protected":false},"featured_media":18876,"template":"","meta":{"_et_pb_use_builder":"","_et_pb_old_content":"","_et_gb_content_width":""},"product_brand":[],"product_cat":[80],"product_tag":[],"class_list":{"0":"post-18875","1":"product","2":"type-product","3":"status-publish","4":"has-post-thumbnail","6":"product_cat-djecije-majice","8":"first","9":"instock","10":"taxable","11":"shipping-taxable","12":"purchasable","13":"product-type-variable"},"_links":{"self":[{"href":"https:\/\/balbelo.com\/eu\/wp-json\/wp\/v2\/product\/18875","targetHints":{"allow":["GET"]}}],"collection":[{"href":"https:\/\/balbelo.com\/eu\/wp-json\/wp\/v2\/product"}],"about":[{"href":"https:\/\/balbelo.com\/eu\/wp-json\/wp\/v2\/types\/product"}],"wp:featuredmedia":[{"embeddable":true,"href":"https:\/\/balbelo.com\/eu\/wp-json\/wp\/v2\/media\/18876"}],"wp:attachment":[{"href":"https:\/\/balbelo.com\/eu\/wp-json\/wp\/v2\/media?parent=18875"}],"wp:term":[{"taxonomy":"product_brand","embeddable":true,"href":"https:\/\/balbelo.com\/eu\/wp-json\/wp\/v2\/product_brand?post=18875"},{"taxonomy":"product_cat","embeddable":true,"href":"https:\/\/balbelo.com\/eu\/wp-json\/wp\/v2\/product_cat?post=18875"},{"taxonomy":"product_tag","embeddable":true,"href":"https:\/\/balbelo.com\/eu\/wp-json\/wp\/v2\/product_tag?post=18875"}],"curies":[{"name":"wp","href":"https:\/\/api.w.org\/{rel}","templated":true}]}}